{"id":282,"date":"2018-06-01T11:18:46","date_gmt":"2018-06-01T09:18:46","guid":{"rendered":"https:\/\/fortoon.de\/?page_id=282"},"modified":"2024-10-15T16:51:36","modified_gmt":"2024-10-15T14:51:36","slug":"data-privacy","status":"publish","type":"page","link":"https:\/\/fortoon.de\/en\/data-privacy\/","title":{"rendered":"Data Privacy"},"content":{"rendered":"<div class=\"wpb-content-wrapper\"><p>[vc_row section_full_height=&#8221;fullheight&#8221; bg_type=&#8221;image&#8221; bg_image=&#8221;16&#8243; padding_top_multiplier=&#8221;3x&#8221; padding_bottom_multiplier=&#8221;3x&#8221; tablet_sm_visibility=&#8221;hide&#8221; mobile_visibility=&#8221;hide&#8221;][vc_column]<h3 class=\"grve-element grve-title grve-align-left grve-h2\" style=\"\"><span>Data Privacy<\/span><\/h3><div class=\"grve-empty-space grve-height-1x\" style=\"\"><\/div>[\/vc_column][vc_column width=&#8221;1\/2&#8243;][vc_column_text el_class=&#8221;impressum&#8221;]Danke f\u00fcr Ihr Interesse an unserem Unternehmen. Hier finden Sie Informationen \u00fcber den Umgang mit Ihren personenbezogenen Daten beim Besuch unserer Website.<br \/>\nPersonenbezogene Daten (Nachname, Vorname, E-Mail-Adresse), die Sie unter \u201eKontakt\u201c eingeben, werden nicht zu Werbezwecken an Dritte weitergegeben. Sie werden nur zur Bearbeitung Ihrer Anfrage gespeichert und nur dann weitergegeben, wenn dies die Bearbeitung Ihrer Anfrage erfordert. Die Daten verwenden wir ausschlie\u00dflich, um Ihre Anfrage zu bearbeiten und zu beantworten.<\/p>\n<p>Verantwortlich f\u00fcr die Verarbeitung von personenbezogenen Daten auf dieser Website ist:<\/p>\n<p>Fortoon Development GmbH<br \/>\nGesch\u00e4ftsf\u00fchrer:<br \/>\nFrank H. K\u00f6rmann<br \/>\nPeter Zillmann<br \/>\nTesdorpfstra\u00dfe 20 \u00b7 20148 Hamburg<br \/>\nT: +49 (0)40 75290010<\/p>\n<p><a href=\"mailto:info@fortoon.de\">info@fortoon.de<\/a><br \/>\n<a href=\"http:\/\/www.fortoon.de\">www.fortoon.de<\/a><br \/>\nUnser Internetserviceprovider sammelt zus\u00e4tzlich bei Ihrem Besuch in Logfiles folgende Daten: den Namen Ihres Internetserviceproviders, die IP-Adresse sowie die Internetseite, von der Sie auf unsere Seite gekommen sind, au\u00dferdem Datum, Uhrzeit und Dauer Ihres Besuches und die Internetseiten, die Sie bei uns besucht haben. Ein Personenbezug wird dabei nicht hergestellt, die Daten dienen ausschlie\u00dflich statistischen Zwecken.<\/p>\n<p><strong>Verwendung von Cookies<\/strong><br \/>\nF\u00fcr die Optimierung der Anzeige und der Benutzung unserer Website verwenden wir Cookies. Das sind Textinformationen, die beim Besuch der Website \u00fcber den Browser auf einem Computer gespeichert werden. Diese Daten werden von uns nicht ausgewertet. Die meisten Webbrowser akzeptieren Cookies automatisch. Cookies k\u00f6nnen Sie jederzeit \u00fcber die Einstellungen Ihres Webbrowsers l\u00f6schen. Sie k\u00f6nnen Cookies aber auch blockieren, indem Sie bestimmte Einstellungen in Ihrem Internetbrowser vornehmen. In diesem Fall sind unter Umst\u00e4nden nicht alle Funktionen unserer Website f\u00fcr Sie verf\u00fcgbar.<\/p>\n<p><strong>Buttons mit Links zu sozialen Netzwerken<\/strong><br \/>\nDurch die Buttons mit Links zu unseren Auftritten bei Facebook, Google+, Xing, LinkedIn und Twitter werden keine Daten zu den Netzwerken \u00fcbertragen. Sobald Sie jedoch die Buttons anklicken, verlassen Sie unsere Internetseite und befinden sich auf den Internetseiten der ausgew\u00e4hlten sozialen Netzwerke. Entsprechend gelten die Datenschutzerkl\u00e4rungen der jeweiligen sozialen Netzwerke, f\u00fcr die wir keine Verantwortung \u00fcbernehmen. Entsprechend Ihrer Browser-Einstellung werden auf diesen Seiten personenbezogene Daten von Ihnen gesammelt.<br \/>\nAuf unseren Internetseiten verzichten wir auf \u201eGef\u00e4llt-mir-Buttons\u201c von Facebook, um zu vermeiden, dass diese bereits Daten \u00fcber Sie sammeln, bevor Sie diese Buttons \u00fcberhaupt angeklickt haben. Wir freuen uns, wenn Sie uns ein \u201eLike\u201c geben m\u00f6chten. Daf\u00fcr klicken Sie bitte auf den Button mit dem Link zu Facebook und bet\u00e4tigen dort den \u201eGef\u00e4llt-mir-Button\u201c.<br \/>\nAus datenschutzrechtlichen Gr\u00fcnden verzichten wir auf die Integration von Social Media Scrips, weil im Hintergrund soziale Tracking-Dienst-Methoden verwendet werden. Damit Sie beispielsweise Beitr\u00e4ge in unserem Blog mir \u201agef\u00e4llt mir\u201c markieren k\u00f6nnen oder diese teilen k\u00f6nnen, haben wir entsprechende \u201eTeilen\u201c-Buttons f\u00fcr Facebook, Twitter und Google+ eingef\u00fcgt. Falls Sie einen der Buttons anklicken, erhalten Sie den Hinweis, dass die sozialen Medien Analyse-Scripts im Hintergrund laden, um das Nutzerverhalten zu erfassen. Der Beitrag wird erst geteilt und entsprechende Skripte geladen, wenn Sie dem zustimmen.[\/vc_column_text][\/vc_column][vc_column width=&#8221;1\/2&#8243;][vc_column_text el_class=&#8221;impressum&#8221;]<\/p>\n<div style=\"font-size: 14px; line-height: 20px;\">\n<p><strong>Einsatz von Google Analytics<\/strong><br \/>\nWir benutzen Google Analytics, um die Nutzung unserer Website analysieren und verbessern zu k\u00f6nnen. Google Analytics ist ein Webanalysedienst der Google Inc. Und verwendet sog. \u201eCookies\u201c, also Textdateien, die auf Ihrem Computer gespeichert werden und die eine Analyse der Benutzung der Website durch Sie erm\u00f6glichen. Die durch das Cookie erzeugten Informationen \u00fcber Ihre Benutzung dieser Website werden in der Regel an einen Server von Google in den USA \u00fcbertragen und dort gespeichert. Im Fall der Aktivierung der IP-Anonymisierung auf dieser Website, wird Ihre IP-Adresse an einen Server von Google in den USA \u00fcbertragen und dort zuvor gek\u00fcrzt. In Ausnahmef\u00e4llen wird die volle IP-Adresse an einen Server von Google in den USA \u00fcbertragen und dort gek\u00fcrzt.<br \/>\nIm Auftrag des Betreibers dieser Website wird Google diese Informationen benutzen, um den Besuch auf der Website auszuwerten, um Reports \u00fcber die Websiteaktivit\u00e4ten zusammenzustellen und um weitere mit der Websitenutzung und der Internetnutzung verbundene Dienstleistungen gegen\u00fcber dem Websitebetreiber zu erbringen.<\/p>\n<p>Die im Rahmen von Google Analytics von Ihrem Browser \u00fcbermittelte IP-Adresse wird nicht mit anderen Daten von Google zusammengef\u00fchrt. Die Speicherung der Cookies k\u00f6nnen Sie durch eine entsprechende Einstellung Ihrer Browser-Software verhindern. Es besteht jedoch die M\u00f6glichkeit, dass Sie in diesem Fall gegebenenfalls nicht s\u00e4mtliche Funktionen dieser Website vollumf\u00e4nglich nutzen k\u00f6nnen.<br \/>\nSie k\u00f6nnen die Erfassung der durch das Cookie erzeugten und auf Ihre Nutzung der Website bezogenen Daten (inkl. Ihrer IP-Adresse) an Google sowie die Verarbeitung dieser Daten durch Google verhindern, indem Sie verf\u00fcgbare Browser-Plugin herunterladen und installieren. Link (<a href=\"http:\/\/tools.google.com\/dlpage\/gaoptout?hl=de\">http:\/\/tools.google.com\/dlpage\/gaoptout?hl=de<\/a>)<br \/>\nDie Erfassung durch Google Analytics k\u00f6nnen Sie verhindern, indem Sie auf den gr\u00fcnen Button \u201eAnalytics Einstellungen\u201c anklicken. Dort k\u00f6nnen Sie w\u00e4hlen, ob Sie Google Analytics zulassen, deaktivieren oder einmalig zulassen. Im Falle, dass Sie Google Analytics dort deaktivieren, wird ein Opt-Out-Cookie gesetzt, das die zuk\u00fcnftige Erfassung Ihrer Daten beim Besuch dieser Website verhindert.<br \/>\nN\u00e4here Informationen zu Nutzungsbedingungen und Datenschutz finden Sie unter<\/p>\n<p><a href=\"http:\/\/www.google.com\/analytics\/terms\/de.html\">www.google.com\/analytics\/terms\/de.html <\/a><br \/>\n<a href=\"http:\/\/www.google.de\/intl\/de\/policies\/\">www.google.de\/intl\/de\/policies\/<\/a><\/p>\n<p><strong>Google Maps<\/strong><br \/>\nAls Service f\u00fcr Sie nutzen wir auf unserer Seite Google Maps \u2013 dies erm\u00f6glicht die praktische Nutzung der Kartenfunktion. Durch die Nutzung von Google Maps werden Daten an Google in den USA \u00fcbermittelt, darunter Ihre IP-Adresse. Falls Sie das nicht w\u00fcnschen, ist es m\u00f6glich, dass Sie in Ihren Browsereinstellungen JavaScript deaktivieren und entsprechend Google Maps nicht nutzen.<\/p>\n<p>N\u00e4here Informationen zu den Nutzungsbedingungen von Google: www.google.com\/analytics\/terms\/de.htlm<br \/>\nInformationen zum Datenschutz von Google:<\/p>\n<p><a href=\"http:\/\/www.google.com\/intl\/de_US\/help\/terms_maps.html\">www.google.com\/intl\/de_US\/help\/terms_maps.html<\/a><br \/>\n<a href=\"http:\/\/www.google.com\/intl\/de_US\/help\/terms_maps.htlm\">http:\/\/www.google.com\/intl\/de_US\/help\/terms_maps.htlm<\/a><\/p>\n<p><strong>Nutzung von Adobe Type<\/strong><br \/>\nDurch die Verwendung von Website Typekit Fonts auf unserer Website k\u00f6nnen wir bestimmte Schriftarten verwenden. Diese werden von Adobe \u00fcber einen Server in den USA bereitgestellt. Durch den Besuch unserer Website baut Ihr Browser eine direkte Verbindung zu diesem Server auf \u2013 Ihre IP-Adresse wird dabei unter anderem an Adobe \u00fcbermittelt und dort gespeichert.<\/p>\n<p>Adobe nimmt an dem EU-US-Privacy Shield teil:<br \/>\n<a href=\"http:\/\/www.privacyshield.gov\/EU-US-framework\">www.privacyshield.gov\/EU-US-framework<\/a><br \/>\n<a href=\"http:\/\/www.privacyshield.gov\/EU-US-Framework\">http:\/\/www.privacyshield.gov\/EU-US-Framework<\/a><\/p>\n<p><strong>Rechtsgrundlagen<\/strong><br \/>\nRechtsgrundlage f\u00fcr die Datenverarbeitung auf dieser Internetseite ist die EU-Datenschutz-Grundverordnung. Die Daten werden nur so lange gespeichert, wie dies f\u00fcr die oben genannten Zwecke erforderlich ist oder gesetzliche Vorgaben dies fordern.<\/p>\n<p><strong>Anfragen<\/strong><br \/>\nAufsichtsbeh\u00f6rden sind die Landesbeauftragten f\u00fcr Datenschutz. An die k\u00f6nnen Sie sich wenden, wenn Sie bei uns Unregelm\u00e4\u00dfigkeiten im Datenschutz vermuten. Sie k\u00f6nnen sich aber auch direkt an uns wenden: <a href=\"mailto:info@fortoon.de\">info@fortoon.de<\/a><br \/>\nEntsprechend dem geltenden Datenschutzrecht teilen wir Ihnen auf Anfrage gerne mit, ob und welche pers\u00f6nlichen Daten wir \u00fcber Sie bei uns gespeichert haben. Wenden Sie sich daf\u00fcr bitte direkt an unseren Datenschutzbeauftragten.<\/p>\n<\/div>\n<p>[\/vc_column_text][\/vc_column][\/vc_row][vc_row section_full_height=&#8221;fullheight&#8221; bg_type=&#8221;image&#8221; bg_image=&#8221;16&#8243; padding_top_multiplier=&#8221;&#8221; padding_bottom_multiplier=&#8221;3x&#8221; desktop_visibility=&#8221;hide&#8221; tablet_visibility=&#8221;hide&#8221;][vc_column]<h3 class=\"grve-element grve-title grve-align-left grve-h2\" style=\"\"><span>Data Privacy<\/span><\/h3><div class=\"grve-empty-space grve-height-1x\" style=\"\"><\/div>[\/vc_column][vc_column width=&#8221;1\/2&#8243;][vc_column_text el_class=&#8221;impressum&#8221;]Danke f\u00fcr Ihr Interesse an unserem Unternehmen. Hier finden Sie Informationen \u00fcber den Umgang mit Ihren personenbezogenen Daten beim Besuch unserer Website.<br \/>\nPersonenbezogene Daten (Nachname, Vorname, E-Mail-Adresse), die Sie unter \u201eKontakt\u201c eingeben, werden nicht zu Werbezwecken an Dritte weitergegeben. Sie werden nur zur Bearbeitung Ihrer Anfrage gespeichert und nur dann weitergegeben, wenn dies die Bearbeitung Ihrer Anfrage erfordert. Die Daten verwenden wir ausschlie\u00dflich, um Ihre Anfrage zu bearbeiten und zu beantworten.<\/p>\n<p>Verantwortlich f\u00fcr die Verarbeitung von personenbezogenen Daten auf dieser Website ist:<\/p>\n<p>Fortoon Development GmbH<br \/>\nGesch\u00e4ftsf\u00fchrer:<br \/>\nFrank H. K\u00f6rmann<br \/>\nPeter Zillmann<br \/>\nTesdorpfstra\u00dfe 20 \u00b7 20148 Hamburg<br \/>\nT: +49 (0)40 75290010<\/p>\n<p><a href=\"mailto:info@fortoon.de\">info@fortoon.de<\/a><br \/>\n<a href=\"http:\/\/www.fortoon.de\">www.fortoon.de<\/a><br \/>\nUnser Internetserviceprovider sammelt zus\u00e4tzlich bei Ihrem Besuch in Logfiles folgende Daten: den Namen Ihres Internetserviceproviders, die IP-Adresse sowie die Internetseite, von der Sie auf unsere Seite gekommen sind, au\u00dferdem Datum, Uhrzeit und Dauer Ihres Besuches und die Internetseiten, die Sie bei uns besucht haben. Ein Personenbezug wird dabei nicht hergestellt, die Daten dienen ausschlie\u00dflich statistischen Zwecken.<\/p>\n<p><strong>Verwendung von Cookies<\/strong><br \/>\nF\u00fcr die Optimierung der Anzeige und der Benutzung unserer Website verwenden wir Cookies. Das sind Textinformationen, die beim Besuch der Website \u00fcber den Browser auf einem Computer gespeichert werden. Diese Daten werden von uns nicht ausgewertet. Die meisten Webbrowser akzeptieren Cookies automatisch. Cookies k\u00f6nnen Sie jederzeit \u00fcber die Einstellungen Ihres Webbrowsers l\u00f6schen. Sie k\u00f6nnen Cookies aber auch blockieren, indem Sie bestimmte Einstellungen in Ihrem Internetbrowser vornehmen. In diesem Fall sind unter Umst\u00e4nden nicht alle Funktionen unserer Website f\u00fcr Sie verf\u00fcgbar.<\/p>\n<p><strong>Buttons mit Links zu sozialen Netzwerken<\/strong><br \/>\nDurch die Buttons mit Links zu unseren Auftritten bei Facebook, Google+, Xing, LinkedIn und Twitter werden keine Daten zu den Netzwerken \u00fcbertragen. Sobald Sie jedoch die Buttons anklicken, verlassen Sie unsere Internetseite und befinden sich auf den Internetseiten der ausgew\u00e4hlten sozialen Netzwerke. Entsprechend gelten die Datenschutzerkl\u00e4rungen der jeweiligen sozialen Netzwerke, f\u00fcr die wir keine Verantwortung \u00fcbernehmen. Entsprechend Ihrer Browser-Einstellung werden auf diesen Seiten personenbezogene Daten von Ihnen gesammelt.<br \/>\nAuf unseren Internetseiten verzichten wir auf \u201eGef\u00e4llt-mir-Buttons\u201c von Facebook, um zu vermeiden, dass diese bereits Daten \u00fcber Sie sammeln, bevor Sie diese Buttons \u00fcberhaupt angeklickt haben. Wir freuen uns, wenn Sie uns ein \u201eLike\u201c geben m\u00f6chten. Daf\u00fcr klicken Sie bitte auf den Button mit dem Link zu Facebook und bet\u00e4tigen dort den \u201eGef\u00e4llt-mir-Button\u201c.<br \/>\nAus datenschutzrechtlichen Gr\u00fcnden verzichten wir auf die Integration von Social Media Scrips, weil im Hintergrund soziale Tracking-Dienst-Methoden verwendet werden. Damit Sie beispielsweise Beitr\u00e4ge in unserem Blog mir \u201agef\u00e4llt mir\u201c markieren k\u00f6nnen oder diese teilen k\u00f6nnen, haben wir entsprechende \u201eTeilen\u201c-Buttons f\u00fcr Facebook, Twitter und Google+ eingef\u00fcgt. Falls Sie einen der Buttons anklicken, erhalten Sie den Hinweis, dass die sozialen Medien Analyse-Scripts im Hintergrund laden, um das Nutzerverhalten zu erfassen. Der Beitrag wird erst geteilt und entsprechende Skripte geladen, wenn Sie dem zustimmen.[\/vc_column_text][\/vc_column][vc_column width=&#8221;1\/2&#8243;][vc_column_text el_class=&#8221;impressum&#8221;]<\/p>\n<div style=\"font-size: 14px; line-height: 20px;\">\n<p><strong>Einsatz von Google Analytics<\/strong><br \/>\nWir benutzen Google Analytics, um die Nutzung unserer Website analysieren und verbessern zu k\u00f6nnen. Google Analytics ist ein Webanalysedienst der Google Inc. Und verwendet sog. \u201eCookies\u201c, also Textdateien, die auf Ihrem Computer gespeichert werden und die eine Analyse der Benutzung der Website durch Sie erm\u00f6glichen. Die durch das Cookie erzeugten Informationen \u00fcber Ihre Benutzung dieser Website werden in der Regel an einen Server von Google in den USA \u00fcbertragen und dort gespeichert. Im Fall der Aktivierung der IP-Anonymisierung auf dieser Website, wird Ihre IP-Adresse an einen Server von Google in den USA \u00fcbertragen und dort zuvor gek\u00fcrzt. In Ausnahmef\u00e4llen wird die volle IP-Adresse an einen Server von Google in den USA \u00fcbertragen und dort gek\u00fcrzt.<br \/>\nIm Auftrag des Betreibers dieser Website wird Google diese Informationen benutzen, um den Besuch auf der Website auszuwerten, um Reports \u00fcber die Websiteaktivit\u00e4ten zusammenzustellen und um weitere mit der Websitenutzung und der Internetnutzung verbundene Dienstleistungen gegen\u00fcber dem Websitebetreiber zu erbringen.<\/p>\n<p>Die im Rahmen von Google Analytics von Ihrem Browser \u00fcbermittelte IP-Adresse wird nicht mit anderen Daten von Google zusammengef\u00fchrt. Die Speicherung der Cookies k\u00f6nnen Sie durch eine entsprechende Einstellung Ihrer Browser-Software verhindern. Es besteht jedoch die M\u00f6glichkeit, dass Sie in diesem Fall gegebenenfalls nicht s\u00e4mtliche Funktionen dieser Website vollumf\u00e4nglich nutzen k\u00f6nnen.<br \/>\nSie k\u00f6nnen die Erfassung der durch das Cookie erzeugten und auf Ihre Nutzung der Website bezogenen Daten (inkl. Ihrer IP-Adresse) an Google sowie die Verarbeitung dieser Daten durch Google verhindern, indem Sie verf\u00fcgbare Browser-Plugin herunterladen und installieren. Link (<a href=\"http:\/\/tools.google.com\/dlpage\/gaoptout?hl=de\">http:\/\/tools.google.com\/dlpage\/gaoptout?hl=de<\/a>)<br \/>\nDie Erfassung durch Google Analytics k\u00f6nnen Sie verhindern, indem Sie auf den gr\u00fcnen Button \u201eAnalytics Einstellungen\u201c anklicken. Dort k\u00f6nnen Sie w\u00e4hlen, ob Sie Google Analytics zulassen, deaktivieren oder einmalig zulassen. Im Falle, dass Sie Google Analytics dort deaktivieren, wird ein Opt-Out-Cookie gesetzt, das die zuk\u00fcnftige Erfassung Ihrer Daten beim Besuch dieser Website verhindert.<br \/>\nN\u00e4here Informationen zu Nutzungsbedingungen und Datenschutz finden Sie unter<\/p>\n<p><a href=\"http:\/\/www.google.com\/analytics\/terms\/de.html\">www.google.com\/analytics\/terms\/de.html <\/a><br \/>\n<a href=\"http:\/\/www.google.de\/intl\/de\/policies\/\">www.google.de\/intl\/de\/policies\/<\/a><\/p>\n<p><strong>Google Maps<\/strong><br \/>\nAls Service f\u00fcr Sie nutzen wir auf unserer Seite Google Maps \u2013 dies erm\u00f6glicht die praktische Nutzung der Kartenfunktion. Durch die Nutzung von Google Maps werden Daten an Google in den USA \u00fcbermittelt, darunter Ihre IP-Adresse. Falls Sie das nicht w\u00fcnschen, ist es m\u00f6glich, dass Sie in Ihren Browsereinstellungen JavaScript deaktivieren und entsprechend Google Maps nicht nutzen.<\/p>\n<p>N\u00e4here Informationen zu den Nutzungsbedingungen von Google: www.google.com\/analytics\/terms\/de.htlm<br \/>\nInformationen zum Datenschutz von Google:<\/p>\n<p><a href=\"http:\/\/www.google.com\/intl\/de_US\/help\/terms_maps.html\">www.google.com\/intl\/de_US\/help\/terms_maps.html<\/a><br \/>\n<a href=\"http:\/\/www.google.com\/intl\/de_US\/help\/terms_maps.htlm\">http:\/\/www.google.com\/intl\/de_US\/help\/terms_maps.htlm<\/a><\/p>\n<p><strong>Nutzung von Adobe Type<\/strong><br \/>\nDurch die Verwendung von Website Typekit Fonts auf unserer Website k\u00f6nnen wir bestimmte Schriftarten verwenden. Diese werden von Adobe \u00fcber einen Server in den USA bereitgestellt. Durch den Besuch unserer Website baut Ihr Browser eine direkte Verbindung zu diesem Server auf \u2013 Ihre IP-Adresse wird dabei unter anderem an Adobe \u00fcbermittelt und dort gespeichert.<\/p>\n<p>Adobe nimmt an dem EU-US-Privacy Shield teil:<br \/>\n<a href=\"http:\/\/www.privacyshield.gov\/EU-US-framework\">www.privacyshield.gov\/EU-US-framework<\/a><br \/>\n<a href=\"http:\/\/www.privacyshield.gov\/EU-US-Framework\">http:\/\/www.privacyshield.gov\/EU-US-Framework<\/a><\/p>\n<p><strong>Rechtsgrundlagen<\/strong><br \/>\nRechtsgrundlage f\u00fcr die Datenverarbeitung auf dieser Internetseite ist die EU-Datenschutz-Grundverordnung. Die Daten werden nur so lange gespeichert, wie dies f\u00fcr die oben genannten Zwecke erforderlich ist oder gesetzliche Vorgaben dies fordern.<\/p>\n<p><strong>Anfragen<\/strong><br \/>\nAufsichtsbeh\u00f6rden sind die Landesbeauftragten f\u00fcr Datenschutz. An die k\u00f6nnen Sie sich wenden, wenn Sie bei uns Unregelm\u00e4\u00dfigkeiten im Datenschutz vermuten. Sie k\u00f6nnen sich aber auch direkt an uns wenden: <a href=\"mailto:info@fortoon.de\">info@fortoon.de<\/a><br \/>\nEntsprechend dem geltenden Datenschutzrecht teilen wir Ihnen auf Anfrage gerne mit, ob und welche pers\u00f6nlichen Daten wir \u00fcber Sie bei uns gespeichert haben. Wenden Sie sich daf\u00fcr bitte direkt an unseren Datenschutzbeauftragten.<\/p>\n<\/div>\n<p>[\/vc_column_text][\/vc_column][\/vc_row]<\/p>\n<\/div>","protected":false},"excerpt":{"rendered":"<p>[vc_row section_full_height=&#8221;fullheight&#8221; bg_type=&#8221;image&#8221; bg_image=&#8221;16&#8243; padding_top_multiplier=&#8221;3x&#8221; padding_bottom_multiplier=&#8221;3x&#8221; tablet_sm_visibility=&#8221;hide&#8221; mobile_visibility=&#8221;hide&#8221;][vc_column][\/vc_column][vc_column width=&#8221;1\/2&#8243;][vc_column_text el_class=&#8221;impressum&#8221;]Danke f\u00fcr Ihr Interesse an unserem Unternehmen. Hier finden Sie Informationen \u00fcber den Umgang mit Ihren personenbezogenen Daten beim Besuch unserer Website. Personenbezogene Daten (Nachname, Vorname, E-Mail-Adresse), die Sie unter \u201eKontakt\u201c eingeben, werden nicht zu Werbezwecken an Dritte weitergegeben. Sie werden nur zur Bearbeitung Ihrer Anfrage [&hellip;]<\/p>\n","protected":false},"author":1,"featured_media":0,"parent":0,"menu_order":0,"comment_status":"closed","ping_status":"closed","template":"","meta":{"footnotes":""},"class_list":["post-282","page","type-page","status-publish","hentry"],"_links":{"self":[{"href":"https:\/\/fortoon.de\/en\/wp-json\/wp\/v2\/pages\/282","targetHints":{"allow":["GET"]}}],"collection":[{"href":"https:\/\/fortoon.de\/en\/wp-json\/wp\/v2\/pages"}],"about":[{"href":"https:\/\/fortoon.de\/en\/wp-json\/wp\/v2\/types\/page"}],"author":[{"embeddable":true,"href":"https:\/\/fortoon.de\/en\/wp-json\/wp\/v2\/users\/1"}],"replies":[{"embeddable":true,"href":"https:\/\/fortoon.de\/en\/wp-json\/wp\/v2\/comments?post=282"}],"version-history":[{"count":4,"href":"https:\/\/fortoon.de\/en\/wp-json\/wp\/v2\/pages\/282\/revisions"}],"predecessor-version":[{"id":730,"href":"https:\/\/fortoon.de\/en\/wp-json\/wp\/v2\/pages\/282\/revisions\/730"}],"wp:attachment":[{"href":"https:\/\/fortoon.de\/en\/wp-json\/wp\/v2\/media?parent=282"}],"curies":[{"name":"wp","href":"https:\/\/api.w.org\/{rel}","templated":true}]}}